{"id":97,"date":"2022-01-27T10:58:35","date_gmt":"2022-01-27T10:58:35","guid":{"rendered":"http:\/\/cognito.mprinsdesign.nl\/?page_id=97"},"modified":"2025-07-02T14:47:23","modified_gmt":"2025-07-02T14:47:23","slug":"ubicacion","status":"publish","type":"page","link":"https:\/\/astrid-torremuelle.com\/es\/ubicacion\/","title":{"rendered":"Ubicaci\u00f3n"},"content":{"rendered":"<section class=\"wpb-content-wrapper\"><div  class=\"content_row row page-content vc_row wpb_row  default-style fullwidth\" >\n\t\n\t<div class=\"content_row_wrapper  default\" >\n\t<div id=\"asdasd\" class=\"vc_col-sm-12 wpb_column vc_column_container\" >\n\t<div class=\"vc_column-inner\">\n\t\t<div class=\"wpb_wrapper\" >\n\t\t\t<div class=\"rt_heading_wrapper no-style\">\n\t\t\t\t\t\t<h1 class=\"rt_heading  no-style\"  style=\"font-size:24px;margin-top:24px;margin-bottom:0px;\">Ubicaci\u00f3n - <span class=\"after_h1\">Astrid Torremuelle<\/span><\/h1> \n\t\t\t\t\t<\/div><div class=\"vc_empty_space\"   style=\"height: 32px\"><span class=\"vc_empty_space_inner\"><\/span><\/div><div class=\"vc_separator wpb_content_element vc_separator_align_center vc_sep_width_100 vc_sep_style-4 vc_sep_pos_align_center vc_separator_no_text vc_sep_color_grey\" ><span class=\"vc_sep_holder vc_sep_holder_l\"><span class=\"vc_sep_line\"><\/span><\/span><span class=\"vc_sep_holder vc_sep_holder_r\"><span class=\"vc_sep_line\"><\/span><\/span>\n<\/div>\n\t\t<\/div>\n\t<\/div>\n\t<\/div>\n\n<\/div>\n<\/div>\n\n<div  class=\"content_row row room-list vc_row wpb_row  default-style fullwidth\" >\n\t\n\t<div class=\"content_row_wrapper  fullwidth\" >\n\t<div id=\"asdasd\" class=\"vc_col-sm-12 wpb_column vc_column_container\" >\n\t<div class=\"vc_column-inner\">\n\t\t<div class=\"wpb_wrapper\" >\n\t\t\t<div class=\"google_map_holder\" data-height=\"300\" data-scope=\"#map-354328\" data-bw=\"\">\n\n\t\t\t<div id=\"map-354328\" class=\"google_map\"><\/div>\n\t\t\t<script type=\"text\/javascript\">\n\t\t\t \/* <![CDATA[ *\/ \n\t\t\t\t\/\/ Runs google maps\t\n\t\t\t\t\tjQuery(function() {\n\t\t\t\t\t\tjQuery(\"#map-354328\").rt_maps([[\"Laguna Mijas\", 36.58372555088038, -4.558777462032319, 4,\"\"],],10); \n\t\t\t\t\t});\n\t\t\t\/* ]]> *\/\t\n\t\t\t<\/script>\n\n\t\t<\/div><div class=\"vc_empty_space\"   style=\"height: 180px\"><span class=\"vc_empty_space_inner\"><\/span><\/div>\n\t<div class=\"wpb_text_column wpb_content_element\" >\n\t\t<div class=\"wpb_wrapper\">\n\t\t\t<p><span style=\"font-weight: 400;\"><strong>Astrid Torremuelle<\/strong> est\u00e1 ubicado estrat\u00e9gicamente en <strong>Torremuelle, Benalm\u00e1dena<\/strong>Una zona conocida por su belleza natural y excelentes conexiones. A continuaci\u00f3n se muestra el sitio de construcci\u00f3n el 1 de julio de 2025.\u00a0<\/span><\/p>\n\n\t\t<\/div>\n\t<\/div>\n\n\t<div  class=\"wpb_single_image wpb_content_element vc_align_center\">\n\t\t\n\t\t<figure class=\"wpb_wrapper vc_figure\">\n\t\t\t<div class=\"vc_single_image-wrapper   vc_box_border_grey\"><img fetchpriority=\"high\" decoding=\"async\" width=\"1596\" height=\"751\" src=\"https:\/\/astrid-torremuelle.com\/wp-content\/uploads\/sites\/56\/2025\/07\/Astrid-Torremuelle-Benalmadena-Costa-del-Sol-Build-Location.png\" class=\"vc_single_image-img attachment-full\" alt=\"Astrid Torremuelle Benalm\u00e1dena Costa del Sol - Edificios Ubicaci\u00f3n\" title=\"Astrid Torremuelle Benalm\u00e1dena Costa del Sol Ubicaci\u00f3n Construcci\u00f3n\" srcset=\"https:\/\/astrid-torremuelle.com\/wp-content\/uploads\/sites\/56\/2025\/07\/Astrid-Torremuelle-Benalmadena-Costa-del-Sol-Build-Location.png 1596w, https:\/\/astrid-torremuelle.com\/wp-content\/uploads\/sites\/56\/2025\/07\/Astrid-Torremuelle-Benalmadena-Costa-del-Sol-Build-Location-300x141.png 300w, https:\/\/astrid-torremuelle.com\/wp-content\/uploads\/sites\/56\/2025\/07\/Astrid-Torremuelle-Benalmadena-Costa-del-Sol-Build-Location-1024x482.png 1024w, https:\/\/astrid-torremuelle.com\/wp-content\/uploads\/sites\/56\/2025\/07\/Astrid-Torremuelle-Benalmadena-Costa-del-Sol-Build-Location-768x361.png 768w, https:\/\/astrid-torremuelle.com\/wp-content\/uploads\/sites\/56\/2025\/07\/Astrid-Torremuelle-Benalmadena-Costa-del-Sol-Build-Location-1536x723.png 1536w, https:\/\/astrid-torremuelle.com\/wp-content\/uploads\/sites\/56\/2025\/07\/Astrid-Torremuelle-Benalmadena-Costa-del-Sol-Build-Location-18x8.png 18w\" sizes=\"(max-width: 1596px) 100vw, 1596px\" \/><\/div>\n\t\t<\/figure>\n\t<\/div>\n<div class=\"vc_btn3-container vc_btn3-center\" ><a class=\"vc_general vc_btn3 vc_btn3-size-md vc_btn3-shape-square vc_btn3-style-modern vc_btn3-color-warning\" href=\"https:\/\/astrid-torremuelle.com\/es\/mas-informacion\/\" title=\"M\u00e1s informaci\u00f3n\">SOLICITAR PAQUETE DE INFORMACI\u00d3N<\/a><\/div>\n\t<div class=\"wpb_text_column wpb_content_element\" >\n\t\t<div class=\"wpb_wrapper\">\n\t\t\t<h3><span style=\"font-weight: 400;\">Zona de Torremuelle\/Benalm\u00e1dena<\/span><\/h3>\n<p><b>Playas y lugares de inter\u00e9s:<\/b><\/p>\n<ul>\n<li style=\"font-weight: 400;\" aria-level=\"1\"><span style=\"font-weight: 400;\">El desarrollo est\u00e1 ubicado frente a las hermosas playas de Malibu Palace y Viborilla.<\/span><\/li>\n<li style=\"font-weight: 400;\" aria-level=\"1\"><span style=\"font-weight: 400;\">La &#039;Cala de la Higuera&#039; en Benalm\u00e1dena est\u00e1 cerca.<\/span><\/li>\n<li style=\"font-weight: 400;\" aria-level=\"1\"><span style=\"font-weight: 400;\">A s\u00f3lo unos minutos se encuentra el Parque Misterioso.<\/span><\/li>\n<li style=\"font-weight: 400;\" aria-level=\"1\"><span style=\"font-weight: 400;\">El centro de raqueta de Torremuelle est\u00e1 a solo 7 minutos en coche.<\/span><\/li>\n<li style=\"font-weight: 400;\" aria-level=\"1\"><span style=\"font-weight: 400;\">El emblem\u00e1tico restaurante Trocadero, un conocido punto de referencia local, se encuentra cerca.<\/span><\/li>\n<li style=\"font-weight: 400;\" aria-level=\"1\"><span style=\"font-weight: 400;\">El campo de golf de Torrequebrada est\u00e1 a s\u00f3lo 3 km.<\/span><\/li>\n<\/ul>\n<p><b>Opciones de transporte:<\/b><\/p>\n<ul>\n<li style=\"font-weight: 400;\" aria-level=\"1\"><span style=\"font-weight: 400;\">En 2 minutos se puede acceder r\u00e1pidamente a la autov\u00eda del Mediterr\u00e1neo (N-340).<\/span><\/li>\n<li style=\"font-weight: 400;\" aria-level=\"1\"><span style=\"font-weight: 400;\">La estaci\u00f3n de tren RENFE Cercan\u00edas de Torremuelle, situada en la Avenida de la Estaci\u00f3n, est\u00e1 a s\u00f3lo 3 minutos en coche, lo que proporciona f\u00e1cil acceso al transporte p\u00fablico.<\/span><\/li>\n<li style=\"font-weight: 400;\" aria-level=\"1\"><span style=\"font-weight: 400;\">Las encantadoras ciudades de Fuengirola y Benalm\u00e1dena est\u00e1n a s\u00f3lo 15 minutos en coche.<\/span><\/li>\n<\/ul>\n<p><b>Ambiente:<\/b><\/p>\n<ul>\n<li style=\"font-weight: 400;\" aria-level=\"1\"><span style=\"font-weight: 400;\">Astrid Torremuelle se encuentra en un entorno tranquilo y natural con amplias zonas verdes que invitan al descanso.<\/span><\/li>\n<li style=\"font-weight: 400;\" aria-level=\"1\"><span style=\"font-weight: 400;\">Se encuentra a poca distancia tanto de las playas como de diversas zonas recreativas.<\/span><\/li>\n<\/ul>\n\n\t\t<\/div>\n\t<\/div>\n\n\t<div  class=\"wpb_single_image wpb_content_element vc_align_center\">\n\t\t\n\t\t<figure class=\"wpb_wrapper vc_figure\">\n\t\t\t<div class=\"vc_single_image-wrapper   vc_box_border_grey\"><img decoding=\"async\" width=\"1974\" height=\"814\" src=\"https:\/\/astrid-torremuelle.com\/wp-content\/uploads\/sites\/56\/2025\/07\/Torremuell-VIEW.png\" class=\"vc_single_image-img attachment-full\" alt=\"Torremuelle Benalm\u00e1dena Costa del Sol\" title=\"Torremuell-VISTA\" srcset=\"https:\/\/astrid-torremuelle.com\/wp-content\/uploads\/sites\/56\/2025\/07\/Torremuell-VIEW.png 1974w, https:\/\/astrid-torremuelle.com\/wp-content\/uploads\/sites\/56\/2025\/07\/Torremuell-VIEW-300x124.png 300w, https:\/\/astrid-torremuelle.com\/wp-content\/uploads\/sites\/56\/2025\/07\/Torremuell-VIEW-1024x422.png 1024w, https:\/\/astrid-torremuelle.com\/wp-content\/uploads\/sites\/56\/2025\/07\/Torremuell-VIEW-768x317.png 768w, https:\/\/astrid-torremuelle.com\/wp-content\/uploads\/sites\/56\/2025\/07\/Torremuell-VIEW-1536x633.png 1536w, https:\/\/astrid-torremuelle.com\/wp-content\/uploads\/sites\/56\/2025\/07\/Torremuell-VIEW-18x7.png 18w\" sizes=\"(max-width: 1974px) 100vw, 1974px\" \/><\/div>\n\t\t<\/figure>\n\t<\/div>\n<div class=\"vc_btn3-container vc_btn3-center\" ><a class=\"vc_general vc_btn3 vc_btn3-size-md vc_btn3-shape-square vc_btn3-style-modern vc_btn3-color-warning\" href=\"https:\/\/astrid-torremuelle.com\/es\/mas-informacion\/\" title=\"M\u00e1s informaci\u00f3n\">SOLICITAR PAQUETE DE INFORMACI\u00d3N<\/a><\/div>\n\t\t<\/div>\n\t<\/div>\n\t<\/div>\n\n<\/div>\n<\/div>\n\n<div  class=\"content_row row vc_row wpb_row  default-style fullwidth\" >\n\t\n\t<div class=\"content_row_wrapper  default\" >\n\t<div id=\"asdasd\" class=\"vc_col-sm-12 wpb_column vc_column_container\" >\n\t<div class=\"vc_column-inner\">\n\t\t<div class=\"wpb_wrapper\" >\n\t\t\t\n\t\t<\/div>\n\t<\/div>\n\t<\/div>\n\n<\/div>\n<\/div>\n<\/section>","protected":false},"excerpt":{"rendered":"<p>\u2026 <a class=\"more-link\" href=\"https:\/\/astrid-torremuelle.com\/es\/ubicacion\/\">sigue leyendo<\/a><\/p>","protected":false},"author":1,"featured_media":4324,"parent":0,"menu_order":5,"comment_status":"closed","ping_status":"closed","template":"","meta":{"footnotes":""},"class_list":["post-97","page","type-page","status-publish","has-post-thumbnail","hentry"],"yoast_head":"<!-- This site is optimized with the Yoast SEO plugin v26.0 - https:\/\/yoast.com\/wordpress\/plugins\/seo\/ -->\n<title>Locatie - Astrid Torremuelle<\/title>\n<meta name=\"robots\" content=\"index, follow, max-snippet:-1, max-image-preview:large, max-video-preview:-1\" \/>\n<link rel=\"canonical\" href=\"https:\/\/astrid-torremuelle.com\/es\/ubicacion\/\" \/>\n<meta property=\"og:locale\" content=\"es_ES\" \/>\n<meta property=\"og:type\" content=\"article\" \/>\n<meta property=\"og:title\" content=\"Locatie - Astrid Torremuelle\" \/>\n<meta property=\"og:url\" content=\"https:\/\/astrid-torremuelle.com\/es\/ubicacion\/\" \/>\n<meta property=\"og:site_name\" content=\"Astrid Torremuelle\" \/>\n<meta property=\"article:modified_time\" content=\"2025-07-02T14:47:23+00:00\" \/>\n<meta property=\"og:image\" content=\"https:\/\/astrid-torremuelle.com\/wp-content\/uploads\/sites\/56\/2022\/10\/astrid-torremuelle-costadelsol-birdview.jpg\" \/>\n\t<meta property=\"og:image:width\" content=\"1200\" \/>\n\t<meta property=\"og:image:height\" content=\"899\" \/>\n\t<meta property=\"og:image:type\" content=\"image\/jpeg\" \/>\n<meta name=\"twitter:card\" content=\"summary_large_image\" \/>\n<meta name=\"twitter:label1\" content=\"Tiempo de lectura\" \/>\n\t<meta name=\"twitter:data1\" content=\"2 minutos\" \/>\n<script type=\"application\/ld+json\" class=\"yoast-schema-graph\">{\"@context\":\"https:\/\/schema.org\",\"@graph\":[{\"@type\":\"WebPage\",\"@id\":\"https:\/\/astrid-torremuelle.com\/locatie\/\",\"url\":\"https:\/\/astrid-torremuelle.com\/locatie\/\",\"name\":\"Locatie - Astrid Torremuelle\",\"isPartOf\":{\"@id\":\"https:\/\/astrid-torremuelle.com\/#website\"},\"primaryImageOfPage\":{\"@id\":\"https:\/\/astrid-torremuelle.com\/locatie\/#primaryimage\"},\"image\":{\"@id\":\"https:\/\/astrid-torremuelle.com\/locatie\/#primaryimage\"},\"thumbnailUrl\":\"https:\/\/astrid-torremuelle.com\/wp-content\/uploads\/sites\/56\/2022\/10\/astrid-torremuelle-costadelsol-birdview.jpg\",\"datePublished\":\"2022-01-27T10:58:35+00:00\",\"dateModified\":\"2025-07-02T14:47:23+00:00\",\"breadcrumb\":{\"@id\":\"https:\/\/astrid-torremuelle.com\/locatie\/#breadcrumb\"},\"inLanguage\":\"es\",\"potentialAction\":[{\"@type\":\"ReadAction\",\"target\":[\"https:\/\/astrid-torremuelle.com\/locatie\/\"]}]},{\"@type\":\"ImageObject\",\"inLanguage\":\"es\",\"@id\":\"https:\/\/astrid-torremuelle.com\/locatie\/#primaryimage\",\"url\":\"https:\/\/astrid-torremuelle.com\/wp-content\/uploads\/sites\/56\/2022\/10\/astrid-torremuelle-costadelsol-birdview.jpg\",\"contentUrl\":\"https:\/\/astrid-torremuelle.com\/wp-content\/uploads\/sites\/56\/2022\/10\/astrid-torremuelle-costadelsol-birdview.jpg\",\"width\":1200,\"height\":899},{\"@type\":\"BreadcrumbList\",\"@id\":\"https:\/\/astrid-torremuelle.com\/locatie\/#breadcrumb\",\"itemListElement\":[{\"@type\":\"ListItem\",\"position\":1,\"name\":\"Home\",\"item\":\"https:\/\/astrid-torremuelle.com\/\"},{\"@type\":\"ListItem\",\"position\":2,\"name\":\"Locatie\"}]},{\"@type\":\"WebSite\",\"@id\":\"https:\/\/astrid-torremuelle.com\/#website\",\"url\":\"https:\/\/astrid-torremuelle.com\/\",\"name\":\"Astrid Torremuelle\",\"description\":\"\u2018Cala de la Higuera\u2019 in Benalm\u00e1dena\",\"potentialAction\":[{\"@type\":\"SearchAction\",\"target\":{\"@type\":\"EntryPoint\",\"urlTemplate\":\"https:\/\/astrid-torremuelle.com\/?s={search_term_string}\"},\"query-input\":{\"@type\":\"PropertyValueSpecification\",\"valueRequired\":true,\"valueName\":\"search_term_string\"}}],\"inLanguage\":\"es\"}]}<\/script>\n<!-- \/ Yoast SEO plugin. -->","yoast_head_json":{"title":"Ubicaci\u00f3n - Astrid Torremuelle","robots":{"index":"index","follow":"follow","max-snippet":"max-snippet:-1","max-image-preview":"max-image-preview:large","max-video-preview":"max-video-preview:-1"},"canonical":"https:\/\/astrid-torremuelle.com\/es\/ubicacion\/","og_locale":"es_ES","og_type":"article","og_title":"Locatie - Astrid Torremuelle","og_url":"https:\/\/astrid-torremuelle.com\/es\/ubicacion\/","og_site_name":"Astrid Torremuelle","article_modified_time":"2025-07-02T14:47:23+00:00","og_image":[{"width":1200,"height":899,"url":"https:\/\/astrid-torremuelle.com\/wp-content\/uploads\/sites\/56\/2022\/10\/astrid-torremuelle-costadelsol-birdview.jpg","type":"image\/jpeg"}],"twitter_card":"summary_large_image","twitter_misc":{"Tiempo de lectura":"2 minutos"},"schema":{"@context":"https:\/\/schema.org","@graph":[{"@type":"WebPage","@id":"https:\/\/astrid-torremuelle.com\/locatie\/","url":"https:\/\/astrid-torremuelle.com\/locatie\/","name":"Ubicaci\u00f3n - Astrid Torremuelle","isPartOf":{"@id":"https:\/\/astrid-torremuelle.com\/#website"},"primaryImageOfPage":{"@id":"https:\/\/astrid-torremuelle.com\/locatie\/#primaryimage"},"image":{"@id":"https:\/\/astrid-torremuelle.com\/locatie\/#primaryimage"},"thumbnailUrl":"https:\/\/astrid-torremuelle.com\/wp-content\/uploads\/sites\/56\/2022\/10\/astrid-torremuelle-costadelsol-birdview.jpg","datePublished":"2022-01-27T10:58:35+00:00","dateModified":"2025-07-02T14:47:23+00:00","breadcrumb":{"@id":"https:\/\/astrid-torremuelle.com\/locatie\/#breadcrumb"},"inLanguage":"es","potentialAction":[{"@type":"ReadAction","target":["https:\/\/astrid-torremuelle.com\/locatie\/"]}]},{"@type":"ImageObject","inLanguage":"es","@id":"https:\/\/astrid-torremuelle.com\/locatie\/#primaryimage","url":"https:\/\/astrid-torremuelle.com\/wp-content\/uploads\/sites\/56\/2022\/10\/astrid-torremuelle-costadelsol-birdview.jpg","contentUrl":"https:\/\/astrid-torremuelle.com\/wp-content\/uploads\/sites\/56\/2022\/10\/astrid-torremuelle-costadelsol-birdview.jpg","width":1200,"height":899},{"@type":"BreadcrumbList","@id":"https:\/\/astrid-torremuelle.com\/locatie\/#breadcrumb","itemListElement":[{"@type":"ListItem","position":1,"name":"Home","item":"https:\/\/astrid-torremuelle.com\/"},{"@type":"ListItem","position":2,"name":"Locatie"}]},{"@type":"WebSite","@id":"https:\/\/astrid-torremuelle.com\/#website","url":"https:\/\/astrid-torremuelle.com\/","name":"Astrid Torremuelle","description":"&#039;Cala de la Higuera&#039; en Benalm\u00e1dena","potentialAction":[{"@type":"SearchAction","target":{"@type":"EntryPoint","urlTemplate":"https:\/\/astrid-torremuelle.com\/?s={search_term_string}"},"query-input":{"@type":"PropertyValueSpecification","valueRequired":true,"valueName":"search_term_string"}}],"inLanguage":"es"}]}},"_links":{"self":[{"href":"https:\/\/astrid-torremuelle.com\/es\/wp-json\/wp\/v2\/pages\/97","targetHints":{"allow":["GET"]}}],"collection":[{"href":"https:\/\/astrid-torremuelle.com\/es\/wp-json\/wp\/v2\/pages"}],"about":[{"href":"https:\/\/astrid-torremuelle.com\/es\/wp-json\/wp\/v2\/types\/page"}],"author":[{"embeddable":true,"href":"https:\/\/astrid-torremuelle.com\/es\/wp-json\/wp\/v2\/users\/1"}],"replies":[{"embeddable":true,"href":"https:\/\/astrid-torremuelle.com\/es\/wp-json\/wp\/v2\/comments?post=97"}],"version-history":[{"count":34,"href":"https:\/\/astrid-torremuelle.com\/es\/wp-json\/wp\/v2\/pages\/97\/revisions"}],"predecessor-version":[{"id":4362,"href":"https:\/\/astrid-torremuelle.com\/es\/wp-json\/wp\/v2\/pages\/97\/revisions\/4362"}],"wp:featuredmedia":[{"embeddable":true,"href":"https:\/\/astrid-torremuelle.com\/es\/wp-json\/wp\/v2\/media\/4324"}],"wp:attachment":[{"href":"https:\/\/astrid-torremuelle.com\/es\/wp-json\/wp\/v2\/media?parent=97"}],"curies":[{"name":"wp","href":"https:\/\/api.w.org\/{rel}","templated":true}]}}