{"id":97,"date":"2022-01-27T10:58:35","date_gmt":"2022-01-27T10:58:35","guid":{"rendered":"http:\/\/cognito.mprinsdesign.nl\/?page_id=97"},"modified":"2025-07-02T14:47:23","modified_gmt":"2025-07-02T14:47:23","slug":"umisteni","status":"publish","type":"page","link":"https:\/\/astrid-torremuelle.com\/cs\/umisteni\/","title":{"rendered":"Um\u00edst\u011bn\u00ed"},"content":{"rendered":"<section class=\"wpb-content-wrapper\"><div  class=\"content_row row page-content vc_row wpb_row  default-style fullwidth\" >\n\t\n\t<div class=\"content_row_wrapper  default\" >\n\t<div id=\"asdasd\" class=\"vc_col-sm-12 wpb_column vc_column_container\" >\n\t<div class=\"vc_column-inner\">\n\t\t<div class=\"wpb_wrapper\" >\n\t\t\t<div class=\"rt_heading_wrapper no-style\">\n\t\t\t\t\t\t<h1 class=\"rt_heading  no-style\"  style=\"font-size:24px;margin-top:24px;margin-bottom:0px;\">M\u00edsto - <span class=\"after_h1\">Astrid Torremuelle<\/span><\/h1> \n\t\t\t\t\t<\/div><div class=\"vc_empty_space\"   style=\"height: 32px\"><span class=\"vc_empty_space_inner\"><\/span><\/div><div class=\"vc_separator wpb_content_element vc_separator_align_center vc_sep_width_100 vc_sep_style-4 vc_sep_pos_align_center vc_separator_no_text vc_sep_color_grey\" ><span class=\"vc_sep_holder vc_sep_holder_l\"><span class=\"vc_sep_line\"><\/span><\/span><span class=\"vc_sep_holder vc_sep_holder_r\"><span class=\"vc_sep_line\"><\/span><\/span>\n<\/div>\n\t\t<\/div>\n\t<\/div>\n\t<\/div>\n\n<\/div>\n<\/div>\n\n<div  class=\"content_row row room-list vc_row wpb_row  default-style fullwidth\" >\n\t\n\t<div class=\"content_row_wrapper  fullwidth\" >\n\t<div id=\"asdasd\" class=\"vc_col-sm-12 wpb_column vc_column_container\" >\n\t<div class=\"vc_column-inner\">\n\t\t<div class=\"wpb_wrapper\" >\n\t\t\t<div class=\"google_map_holder\" data-height=\"300\" data-scope=\"#map-177086\" data-bw=\"\">\n\n\t\t\t<div id=\"map-177086\" class=\"google_map\"><\/div>\n\t\t\t<script type=\"text\/javascript\">\n\t\t\t \/* <![CDATA[ *\/ \n\t\t\t\t\/\/ Runs google maps\t\n\t\t\t\t\tjQuery(function() {\n\t\t\t\t\t\tjQuery(\"#map-177086\").rt_maps([[\"Laguna Mijas\", 36.58372555088038, -4.558777462032319, 4,\"\"],],10); \n\t\t\t\t\t});\n\t\t\t\/* ]]> *\/\t\n\t\t\t<\/script>\n\n\t\t<\/div><div class=\"vc_empty_space\"   style=\"height: 180px\"><span class=\"vc_empty_space_inner\"><\/span><\/div>\n\t<div class=\"wpb_text_column wpb_content_element\" >\n\t\t<div class=\"wpb_wrapper\">\n\t\t\t<p><span style=\"font-weight: 400;\"><strong>Astrid Torremuelle<\/strong> je strategicky um\u00edst\u011bn v <strong>Torremuelle, Benalm\u00e1dena<\/strong>, oblast zn\u00e1m\u00e1 svou p\u0159\u00edrodn\u00ed kr\u00e1sou a vynikaj\u00edc\u00edm dopravn\u00edm spojen\u00edm. N\u00ed\u017ee je staveni\u0161t\u011b 1. \u010dervence 2025.\u00a0<\/span><\/p>\n\n\t\t<\/div>\n\t<\/div>\n\n\t<div  class=\"wpb_single_image wpb_content_element vc_align_center\">\n\t\t\n\t\t<figure class=\"wpb_wrapper vc_figure\">\n\t\t\t<div class=\"vc_single_image-wrapper   vc_box_border_grey\"><img fetchpriority=\"high\" decoding=\"async\" width=\"1596\" height=\"751\" src=\"https:\/\/astrid-torremuelle.com\/wp-content\/uploads\/sites\/56\/2025\/07\/Astrid-Torremuelle-Benalmadena-Costa-del-Sol-Build-Location.png\" class=\"vc_single_image-img attachment-full\" alt=\"Astrid Torremuelle Benalm\u00e1dena Costa del Sol - Buils Poloha Astrid Torremuelle se nach\u00e1z\u00ed ve m\u011bst\u011b Benalm\u00e1dena\" title=\"Astrid Torremuelle Benalm\u00e1dena Budova Costa del Sol Poloha\" srcset=\"https:\/\/astrid-torremuelle.com\/wp-content\/uploads\/sites\/56\/2025\/07\/Astrid-Torremuelle-Benalmadena-Costa-del-Sol-Build-Location.png 1596w, https:\/\/astrid-torremuelle.com\/wp-content\/uploads\/sites\/56\/2025\/07\/Astrid-Torremuelle-Benalmadena-Costa-del-Sol-Build-Location-300x141.png 300w, https:\/\/astrid-torremuelle.com\/wp-content\/uploads\/sites\/56\/2025\/07\/Astrid-Torremuelle-Benalmadena-Costa-del-Sol-Build-Location-1024x482.png 1024w, https:\/\/astrid-torremuelle.com\/wp-content\/uploads\/sites\/56\/2025\/07\/Astrid-Torremuelle-Benalmadena-Costa-del-Sol-Build-Location-768x361.png 768w, https:\/\/astrid-torremuelle.com\/wp-content\/uploads\/sites\/56\/2025\/07\/Astrid-Torremuelle-Benalmadena-Costa-del-Sol-Build-Location-1536x723.png 1536w, https:\/\/astrid-torremuelle.com\/wp-content\/uploads\/sites\/56\/2025\/07\/Astrid-Torremuelle-Benalmadena-Costa-del-Sol-Build-Location-18x8.png 18w\" sizes=\"(max-width: 1596px) 100vw, 1596px\" \/><\/div>\n\t\t<\/figure>\n\t<\/div>\n<div class=\"vc_btn3-container vc_btn3-center\" ><a class=\"vc_general vc_btn3 vc_btn3-size-md vc_btn3-shape-square vc_btn3-style-modern vc_btn3-color-warning\" href=\"https:\/\/astrid-torremuelle.com\/cs\/vice-informaci\/\" title=\"V\u00edce informac\u00ed\">VY\u017d\u00c1DEJTE INFORMA\u010cN\u00cd BAL\u00cd\u010cEK<\/a><\/div>\n\t<div class=\"wpb_text_column wpb_content_element\" >\n\t\t<div class=\"wpb_wrapper\">\n\t\t\t<h3><span style=\"font-weight: 400;\">Oblast Torremuelle\/Benalm\u00e1deny<\/span><\/h3>\n<p><b>Pl\u00e1\u017ee a pam\u00e1tky:<\/b><\/p>\n<ul>\n<li style=\"font-weight: 400;\" aria-level=\"1\"><span style=\"font-weight: 400;\">Projekt se nach\u00e1z\u00ed naproti kr\u00e1sn\u00fdm pl\u00e1\u017e\u00edm Malibu Palace a Viborilla.<\/span><\/li>\n<li style=\"font-weight: 400;\" aria-level=\"1\"><span style=\"font-weight: 400;\">Nedaleko se nach\u00e1z\u00ed &#039;Cala de la Higuera&#039; v Benalm\u00e1dena.<\/span><\/li>\n<li style=\"font-weight: 400;\" aria-level=\"1\"><span style=\"font-weight: 400;\">Jen p\u00e1r minut odtud najdete Parque Misterioso.<\/span><\/li>\n<li style=\"font-weight: 400;\" aria-level=\"1\"><span style=\"font-weight: 400;\">Raketov\u00e9 centrum Torremuelle je vzd\u00e1len\u00e9 pouh\u00fdch 7 minut j\u00edzdy autem.<\/span><\/li>\n<li style=\"font-weight: 400;\" aria-level=\"1\"><span style=\"font-weight: 400;\">Nedaleko se nach\u00e1z\u00ed ikonick\u00e1 restaurace Trocadero, zn\u00e1m\u00e1 m\u00edstn\u00ed pam\u00e1tka.<\/span><\/li>\n<li style=\"font-weight: 400;\" aria-level=\"1\"><span style=\"font-weight: 400;\">Golfov\u00e9 h\u0159i\u0161t\u011b Torrequebrada je vzd\u00e1len\u00e9 pouh\u00e9 3 km.<\/span><\/li>\n<\/ul>\n<p><b>Mo\u017enosti dopravy:<\/b><\/p>\n<ul>\n<li style=\"font-weight: 400;\" aria-level=\"1\"><span style=\"font-weight: 400;\">Rychl\u00e9 spojen\u00ed na st\u0159edomo\u0159skou d\u00e1lnici (N-340) je vzd\u00e1len\u00e9 2 minuty.<\/span><\/li>\n<li style=\"font-weight: 400;\" aria-level=\"1\"><span style=\"font-weight: 400;\">Vlakov\u00e9 n\u00e1dra\u017e\u00ed RENFE Cercan\u00edas v Torremuelle, kter\u00e9 se nach\u00e1z\u00ed na Avenida de la Estaci\u00f3n, je vzd\u00e1len\u00e9 jen 3 minuty j\u00edzdy a poskytuje snadn\u00fd p\u0159\u00edstup k ve\u0159ejn\u00e9 doprav\u011b.<\/span><\/li>\n<li style=\"font-weight: 400;\" aria-level=\"1\"><span style=\"font-weight: 400;\">Okouzluj\u00edc\u00ed m\u011bsta Fuengirola a Benalm\u00e1dena jsou vzd\u00e1len\u00e1 pouh\u00fdch 15 minut j\u00edzdy autem.<\/span><\/li>\n<\/ul>\n<p><b>Prost\u0159ed\u00ed:<\/b><\/p>\n<ul>\n<li style=\"font-weight: 400;\" aria-level=\"1\"><span style=\"font-weight: 400;\">Astrid Torremuelle se nach\u00e1z\u00ed v klidn\u00e9m a p\u0159\u00edrodn\u00edm prost\u0159ed\u00ed s rozlehl\u00fdmi zelen\u00fdmi plochami, kter\u00e9 v\u00e1s zvou k relaxaci.<\/span><\/li>\n<li style=\"font-weight: 400;\" aria-level=\"1\"><span style=\"font-weight: 400;\">Nach\u00e1z\u00edte se v doch\u00e1zkov\u00e9 vzd\u00e1lenosti od pl\u00e1\u017e\u00ed i r\u016fzn\u00fdch rekrea\u010dn\u00edch oblast\u00ed.<\/span><\/li>\n<\/ul>\n\n\t\t<\/div>\n\t<\/div>\n\n\t<div  class=\"wpb_single_image wpb_content_element vc_align_center\">\n\t\t\n\t\t<figure class=\"wpb_wrapper vc_figure\">\n\t\t\t<div class=\"vc_single_image-wrapper   vc_box_border_grey\"><img decoding=\"async\" width=\"1974\" height=\"814\" src=\"https:\/\/astrid-torremuelle.com\/wp-content\/uploads\/sites\/56\/2025\/07\/Torremuell-VIEW.png\" class=\"vc_single_image-img attachment-full\" alt=\"Torremuelle Benalm\u00e1dena Costa del Sol\" title=\"Torremuell-VIEW\" srcset=\"https:\/\/astrid-torremuelle.com\/wp-content\/uploads\/sites\/56\/2025\/07\/Torremuell-VIEW.png 1974w, https:\/\/astrid-torremuelle.com\/wp-content\/uploads\/sites\/56\/2025\/07\/Torremuell-VIEW-300x124.png 300w, https:\/\/astrid-torremuelle.com\/wp-content\/uploads\/sites\/56\/2025\/07\/Torremuell-VIEW-1024x422.png 1024w, https:\/\/astrid-torremuelle.com\/wp-content\/uploads\/sites\/56\/2025\/07\/Torremuell-VIEW-768x317.png 768w, https:\/\/astrid-torremuelle.com\/wp-content\/uploads\/sites\/56\/2025\/07\/Torremuell-VIEW-1536x633.png 1536w, https:\/\/astrid-torremuelle.com\/wp-content\/uploads\/sites\/56\/2025\/07\/Torremuell-VIEW-18x7.png 18w\" sizes=\"(max-width: 1974px) 100vw, 1974px\" \/><\/div>\n\t\t<\/figure>\n\t<\/div>\n<div class=\"vc_btn3-container vc_btn3-center\" ><a class=\"vc_general vc_btn3 vc_btn3-size-md vc_btn3-shape-square vc_btn3-style-modern vc_btn3-color-warning\" href=\"https:\/\/astrid-torremuelle.com\/cs\/vice-informaci\/\" title=\"V\u00edce informac\u00ed\">VY\u017d\u00c1DEJTE INFORMA\u010cN\u00cd BAL\u00cd\u010cEK<\/a><\/div>\n\t\t<\/div>\n\t<\/div>\n\t<\/div>\n\n<\/div>\n<\/div>\n\n<div  class=\"content_row row vc_row wpb_row  default-style fullwidth\" >\n\t\n\t<div class=\"content_row_wrapper  default\" >\n\t<div id=\"asdasd\" class=\"vc_col-sm-12 wpb_column vc_column_container\" >\n\t<div class=\"vc_column-inner\">\n\t\t<div class=\"wpb_wrapper\" >\n\t\t\t\n\t\t<\/div>\n\t<\/div>\n\t<\/div>\n\n<\/div>\n<\/div>\n<\/section>","protected":false},"excerpt":{"rendered":"<p>\u2026 <a class=\"more-link\" href=\"https:\/\/astrid-torremuelle.com\/cs\/umisteni\/\">pokra\u010dovat ve \u010dten\u00ed<\/a><\/p>","protected":false},"author":1,"featured_media":4324,"parent":0,"menu_order":5,"comment_status":"closed","ping_status":"closed","template":"","meta":{"footnotes":""},"class_list":["post-97","page","type-page","status-publish","has-post-thumbnail","hentry"],"yoast_head":"<!-- This site is optimized with the Yoast SEO plugin v26.0 - https:\/\/yoast.com\/wordpress\/plugins\/seo\/ -->\n<title>Locatie - Astrid Torremuelle<\/title>\n<meta name=\"robots\" content=\"index, follow, max-snippet:-1, max-image-preview:large, max-video-preview:-1\" \/>\n<link rel=\"canonical\" href=\"https:\/\/astrid-torremuelle.com\/cs\/umisteni\/\" \/>\n<meta property=\"og:locale\" content=\"cs_CZ\" \/>\n<meta property=\"og:type\" content=\"article\" \/>\n<meta property=\"og:title\" content=\"Locatie - Astrid Torremuelle\" \/>\n<meta property=\"og:url\" content=\"https:\/\/astrid-torremuelle.com\/cs\/umisteni\/\" \/>\n<meta property=\"og:site_name\" content=\"Astrid Torremuelle\" \/>\n<meta property=\"article:modified_time\" content=\"2025-07-02T14:47:23+00:00\" \/>\n<meta property=\"og:image\" content=\"https:\/\/astrid-torremuelle.com\/wp-content\/uploads\/sites\/56\/2022\/10\/astrid-torremuelle-costadelsol-birdview.jpg\" \/>\n\t<meta property=\"og:image:width\" content=\"1200\" \/>\n\t<meta property=\"og:image:height\" content=\"899\" \/>\n\t<meta property=\"og:image:type\" content=\"image\/jpeg\" \/>\n<meta name=\"twitter:card\" content=\"summary_large_image\" \/>\n<meta name=\"twitter:label1\" content=\"Odhadovan\u00e1 doba \u010dten\u00ed\" \/>\n\t<meta name=\"twitter:data1\" content=\"2 minuty\" \/>\n<script type=\"application\/ld+json\" class=\"yoast-schema-graph\">{\"@context\":\"https:\/\/schema.org\",\"@graph\":[{\"@type\":\"WebPage\",\"@id\":\"https:\/\/astrid-torremuelle.com\/locatie\/\",\"url\":\"https:\/\/astrid-torremuelle.com\/locatie\/\",\"name\":\"Locatie - Astrid Torremuelle\",\"isPartOf\":{\"@id\":\"https:\/\/astrid-torremuelle.com\/#website\"},\"primaryImageOfPage\":{\"@id\":\"https:\/\/astrid-torremuelle.com\/locatie\/#primaryimage\"},\"image\":{\"@id\":\"https:\/\/astrid-torremuelle.com\/locatie\/#primaryimage\"},\"thumbnailUrl\":\"https:\/\/astrid-torremuelle.com\/wp-content\/uploads\/sites\/56\/2022\/10\/astrid-torremuelle-costadelsol-birdview.jpg\",\"datePublished\":\"2022-01-27T10:58:35+00:00\",\"dateModified\":\"2025-07-02T14:47:23+00:00\",\"breadcrumb\":{\"@id\":\"https:\/\/astrid-torremuelle.com\/locatie\/#breadcrumb\"},\"inLanguage\":\"cs\",\"potentialAction\":[{\"@type\":\"ReadAction\",\"target\":[\"https:\/\/astrid-torremuelle.com\/locatie\/\"]}]},{\"@type\":\"ImageObject\",\"inLanguage\":\"cs\",\"@id\":\"https:\/\/astrid-torremuelle.com\/locatie\/#primaryimage\",\"url\":\"https:\/\/astrid-torremuelle.com\/wp-content\/uploads\/sites\/56\/2022\/10\/astrid-torremuelle-costadelsol-birdview.jpg\",\"contentUrl\":\"https:\/\/astrid-torremuelle.com\/wp-content\/uploads\/sites\/56\/2022\/10\/astrid-torremuelle-costadelsol-birdview.jpg\",\"width\":1200,\"height\":899},{\"@type\":\"BreadcrumbList\",\"@id\":\"https:\/\/astrid-torremuelle.com\/locatie\/#breadcrumb\",\"itemListElement\":[{\"@type\":\"ListItem\",\"position\":1,\"name\":\"Home\",\"item\":\"https:\/\/astrid-torremuelle.com\/\"},{\"@type\":\"ListItem\",\"position\":2,\"name\":\"Locatie\"}]},{\"@type\":\"WebSite\",\"@id\":\"https:\/\/astrid-torremuelle.com\/#website\",\"url\":\"https:\/\/astrid-torremuelle.com\/\",\"name\":\"Astrid Torremuelle\",\"description\":\"\u2018Cala de la Higuera\u2019 in Benalm\u00e1dena\",\"potentialAction\":[{\"@type\":\"SearchAction\",\"target\":{\"@type\":\"EntryPoint\",\"urlTemplate\":\"https:\/\/astrid-torremuelle.com\/?s={search_term_string}\"},\"query-input\":{\"@type\":\"PropertyValueSpecification\",\"valueRequired\":true,\"valueName\":\"search_term_string\"}}],\"inLanguage\":\"cs\"}]}<\/script>\n<!-- \/ Yoast SEO plugin. -->","yoast_head_json":{"title":"M\u00edsto - Astrid Torremuelle","robots":{"index":"index","follow":"follow","max-snippet":"max-snippet:-1","max-image-preview":"max-image-preview:large","max-video-preview":"max-video-preview:-1"},"canonical":"https:\/\/astrid-torremuelle.com\/cs\/umisteni\/","og_locale":"cs_CZ","og_type":"article","og_title":"Locatie - Astrid Torremuelle","og_url":"https:\/\/astrid-torremuelle.com\/cs\/umisteni\/","og_site_name":"Astrid Torremuelle","article_modified_time":"2025-07-02T14:47:23+00:00","og_image":[{"width":1200,"height":899,"url":"https:\/\/astrid-torremuelle.com\/wp-content\/uploads\/sites\/56\/2022\/10\/astrid-torremuelle-costadelsol-birdview.jpg","type":"image\/jpeg"}],"twitter_card":"summary_large_image","twitter_misc":{"Odhadovan\u00e1 doba \u010dten\u00ed":"2 minuty"},"schema":{"@context":"https:\/\/schema.org","@graph":[{"@type":"WebPage","@id":"https:\/\/astrid-torremuelle.com\/locatie\/","url":"https:\/\/astrid-torremuelle.com\/locatie\/","name":"M\u00edsto - Astrid Torremuelle","isPartOf":{"@id":"https:\/\/astrid-torremuelle.com\/#website"},"primaryImageOfPage":{"@id":"https:\/\/astrid-torremuelle.com\/locatie\/#primaryimage"},"image":{"@id":"https:\/\/astrid-torremuelle.com\/locatie\/#primaryimage"},"thumbnailUrl":"https:\/\/astrid-torremuelle.com\/wp-content\/uploads\/sites\/56\/2022\/10\/astrid-torremuelle-costadelsol-birdview.jpg","datePublished":"2022-01-27T10:58:35+00:00","dateModified":"2025-07-02T14:47:23+00:00","breadcrumb":{"@id":"https:\/\/astrid-torremuelle.com\/locatie\/#breadcrumb"},"inLanguage":"cs","potentialAction":[{"@type":"ReadAction","target":["https:\/\/astrid-torremuelle.com\/locatie\/"]}]},{"@type":"ImageObject","inLanguage":"cs","@id":"https:\/\/astrid-torremuelle.com\/locatie\/#primaryimage","url":"https:\/\/astrid-torremuelle.com\/wp-content\/uploads\/sites\/56\/2022\/10\/astrid-torremuelle-costadelsol-birdview.jpg","contentUrl":"https:\/\/astrid-torremuelle.com\/wp-content\/uploads\/sites\/56\/2022\/10\/astrid-torremuelle-costadelsol-birdview.jpg","width":1200,"height":899},{"@type":"BreadcrumbList","@id":"https:\/\/astrid-torremuelle.com\/locatie\/#breadcrumb","itemListElement":[{"@type":"ListItem","position":1,"name":"Home","item":"https:\/\/astrid-torremuelle.com\/"},{"@type":"ListItem","position":2,"name":"Locatie"}]},{"@type":"WebSite","@id":"https:\/\/astrid-torremuelle.com\/#website","url":"https:\/\/astrid-torremuelle.com\/","name":"Astrid Torremuelle","description":"&#039;Cala de la Higuera&#039; v Benalm\u00e1dena","potentialAction":[{"@type":"SearchAction","target":{"@type":"EntryPoint","urlTemplate":"https:\/\/astrid-torremuelle.com\/?s={search_term_string}"},"query-input":{"@type":"PropertyValueSpecification","valueRequired":true,"valueName":"search_term_string"}}],"inLanguage":"cs"}]}},"_links":{"self":[{"href":"https:\/\/astrid-torremuelle.com\/cs\/wp-json\/wp\/v2\/pages\/97","targetHints":{"allow":["GET"]}}],"collection":[{"href":"https:\/\/astrid-torremuelle.com\/cs\/wp-json\/wp\/v2\/pages"}],"about":[{"href":"https:\/\/astrid-torremuelle.com\/cs\/wp-json\/wp\/v2\/types\/page"}],"author":[{"embeddable":true,"href":"https:\/\/astrid-torremuelle.com\/cs\/wp-json\/wp\/v2\/users\/1"}],"replies":[{"embeddable":true,"href":"https:\/\/astrid-torremuelle.com\/cs\/wp-json\/wp\/v2\/comments?post=97"}],"version-history":[{"count":34,"href":"https:\/\/astrid-torremuelle.com\/cs\/wp-json\/wp\/v2\/pages\/97\/revisions"}],"predecessor-version":[{"id":4362,"href":"https:\/\/astrid-torremuelle.com\/cs\/wp-json\/wp\/v2\/pages\/97\/revisions\/4362"}],"wp:featuredmedia":[{"embeddable":true,"href":"https:\/\/astrid-torremuelle.com\/cs\/wp-json\/wp\/v2\/media\/4324"}],"wp:attachment":[{"href":"https:\/\/astrid-torremuelle.com\/cs\/wp-json\/wp\/v2\/media?parent=97"}],"curies":[{"name":"wp","href":"https:\/\/api.w.org\/{rel}","templated":true}]}}